{"id":744,"date":"2026-02-22T17:12:50","date_gmt":"2026-02-22T17:12:50","guid":{"rendered":"https:\/\/mamyczas.waw.pl\/?page_id=744"},"modified":"2026-04-23T12:52:14","modified_gmt":"2026-04-23T12:52:14","slug":"logopedia","status":"publish","type":"page","link":"https:\/\/mamyczas.waw.pl\/logorytmika-i-logopedia\/logopedia\/","title":{"rendered":"Logopedia"},"content":{"rendered":"\n<p>Komunikacja to najwa\u017cniejsze narz\u0119dzie, jakie dostaje dziecko, by poznawa\u0107 \u015bwiat i budowa\u0107 relacje. Jako logopeda nie tylko ucz\u0119 poprawnej wymowy \u2013 pomagam dzieciom zyska\u0107 <strong>pewno\u015b\u0107 siebie<\/strong>, kt\u00f3rej fundamentem jest swobodne porozumiewanie si\u0119.<\/p>\n\n\n\n<p>Wierz\u0119, \u017ce ka\u017cde dziecko rozwija si\u0119 we w\u0142asnym tempie, ale czasem potrzebuje ma\u0142ego \u201edrogowskazu\u201d, by ruszy\u0107 z miejsca. Moim celem jest sprawi\u0107, aby droga do poprawnej mowy by\u0142a dla Twojej pociechy fascynuj\u0105c\u0105 przygod\u0105, a nie nudnym obowi\u0105zkiem.<\/p>\n\n\n\n<p>Jak pracuj\u0119 z dzie\u0107mi?<\/p>\n\n\n\n<ul class=\"wp-block-list\">\n<li><strong>Korekta wad wymowy:<\/strong> Skutecznie (i z u\u015bmiechem) radzimy sobie z \u201eniesfornym\u201d R, seplenieniem i innymi trudno\u015bciami artykulacyjnymi.<\/li>\n\n\n\n<li><strong>Wczesna interwencja:<\/strong> Pomagam \u201epogoni\u0107\u201d pierwsze s\u0142owa u dzieci, u kt\u00f3rych rozw\u00f3j mowy przebiega nieco wolniej.<\/li>\n\n\n\n<li><strong>Mioterapia i funkcje mowy:<\/strong> Pracujemy nad prawid\u0142owym po\u0142ykaniem, oddychaniem i domykaniem buzi, co ma kluczowe znaczenie dla zgryzu i wymowy.<\/li>\n\n\n\n<li><strong>P\u0142ynno\u015b\u0107 mowy:<\/strong> Wspieram dzieci zmagaj\u0105ce si\u0119 z j\u0105kaniem, ucz\u0105c je, jak m\u00f3wi\u0107 spokojnie i bez l\u0119ku.<\/li>\n<\/ul>\n\n\n\n<p>W moim gabinecie nie ma miejsca na sztywne zasady i stres. Stawiam na <strong>nauk\u0119 poprzez zabaw\u0119<\/strong>. Wykorzystuj\u0119 nowoczesne pomoce, gry i \u0107wiczenia, kt\u00f3re anga\u017cuj\u0105 dziecko tak bardzo, \u017ce cz\u0119sto nawet nie zauwa\u017ca, jak ci\u0119\u017cko pracuje nad swoim j\u0119zykiem.<\/p>\n\n\n\n<p>Dla mnie sukcesem nie jest tylko poprawnie wypowiedziana g\u0142oska, ale moment, w kt\u00f3rym dziecko z u\u015bmiechem i bez wahania opowiada o swoim dniu.<\/p>\n\n\n\n<figure class=\"wp-block-image size-large\"><a href=\"https:\/\/mamyczas.waw.pl\/wp-content\/uploads\/2026\/02\/20170807_120220-1-scaled-e1771781003898.jpg\"><img alt=\"Logopedia Warszawa | Terapia logopedyczna dzieci \u2013 Mamy Czas\" fetchpriority=\"high\" decoding=\"async\" width=\"1024\" height=\"442\" src=\"https:\/\/mamyczas.waw.pl\/wp-content\/uploads\/2026\/02\/20170807_120220-1-scaled-e1771781003898-1024x442.jpg\" alt=\"\" class=\"wp-image-759\" srcset=\"https:\/\/mamyczas.waw.pl\/wp-content\/uploads\/2026\/02\/20170807_120220-1-scaled-e1771781003898-1024x442.jpg 1024w, https:\/\/mamyczas.waw.pl\/wp-content\/uploads\/2026\/02\/20170807_120220-1-scaled-e1771781003898-300x129.jpg 300w, https:\/\/mamyczas.waw.pl\/wp-content\/uploads\/2026\/02\/20170807_120220-1-scaled-e1771781003898-768x332.jpg 768w, https:\/\/mamyczas.waw.pl\/wp-content\/uploads\/2026\/02\/20170807_120220-1-scaled-e1771781003898-1536x663.jpg 1536w, https:\/\/mamyczas.waw.pl\/wp-content\/uploads\/2026\/02\/20170807_120220-1-scaled-e1771781003898-2048x884.jpg 2048w, https:\/\/mamyczas.waw.pl\/wp-content\/uploads\/2026\/02\/20170807_120220-1-scaled-e1771781003898-811x350.jpg 811w\" sizes=\"(max-width: 1024px) 100vw, 1024px\" \/><\/a><\/figure>\n","protected":false},"excerpt":{"rendered":"<p>Komunikacja to najwa\u017cniejsze narz\u0119dzie, jakie dostaje dziecko, by poznawa\u0107 \u015bwiat i budowa\u0107 relacje. Jako logopeda nie tylko ucz\u0119 poprawnej wymowy \u2013 pomagam dzieciom zyska\u0107 pewno\u015b\u0107 siebie, kt\u00f3rej fundamentem jest swobodne porozumiewanie si\u0119. Wierz\u0119, \u017ce ka\u017cde dziecko rozwija si\u0119 we w\u0142asnym tempie, ale czasem potrzebuje ma\u0142ego \u201edrogowskazu\u201d, by ruszy\u0107 z miejsca. &hellip;<\/p>\n","protected":false},"author":1,"featured_media":759,"parent":737,"menu_order":0,"comment_status":"closed","ping_status":"closed","template":"","meta":{"_seopress_robots_primary_cat":"","_seopress_titles_title":"Logopedia Warszawa | Terapia logopedyczna dzieci \u2013 Mamy Czas","_seopress_titles_desc":"Logopedia Warszawa \u2013 terapia logopedyczna dzieci wspieraj\u0105ca rozw\u00f3j mowy i komunikacji.","_seopress_robots_index":"","footnotes":""},"class_list":["post-744","page","type-page","status-publish","has-post-thumbnail","hentry"],"jetpack_sharing_enabled":true,"_links":{"self":[{"href":"https:\/\/mamyczas.waw.pl\/wp-json\/wp\/v2\/pages\/744","targetHints":{"allow":["GET"]}}],"collection":[{"href":"https:\/\/mamyczas.waw.pl\/wp-json\/wp\/v2\/pages"}],"about":[{"href":"https:\/\/mamyczas.waw.pl\/wp-json\/wp\/v2\/types\/page"}],"author":[{"embeddable":true,"href":"https:\/\/mamyczas.waw.pl\/wp-json\/wp\/v2\/users\/1"}],"replies":[{"embeddable":true,"href":"https:\/\/mamyczas.waw.pl\/wp-json\/wp\/v2\/comments?post=744"}],"version-history":[{"count":9,"href":"https:\/\/mamyczas.waw.pl\/wp-json\/wp\/v2\/pages\/744\/revisions"}],"predecessor-version":[{"id":791,"href":"https:\/\/mamyczas.waw.pl\/wp-json\/wp\/v2\/pages\/744\/revisions\/791"}],"up":[{"embeddable":true,"href":"https:\/\/mamyczas.waw.pl\/wp-json\/wp\/v2\/pages\/737"}],"wp:featuredmedia":[{"embeddable":true,"href":"https:\/\/mamyczas.waw.pl\/wp-json\/wp\/v2\/media\/759"}],"wp:attachment":[{"href":"https:\/\/mamyczas.waw.pl\/wp-json\/wp\/v2\/media?parent=744"}],"curies":[{"name":"wp","href":"https:\/\/api.w.org\/{rel}","templated":true}]}}