{"id":9,"date":"2018-01-02T21:45:04","date_gmt":"2018-01-02T21:45:04","guid":{"rendered":"https:\/\/mamyczas.waw.pl\/?page_id=9"},"modified":"2026-04-23T13:14:08","modified_gmt":"2026-04-23T13:14:08","slug":"punkt-przedszkolny","status":"publish","type":"page","link":"https:\/\/mamyczas.waw.pl\/punkt-przedszkolny\/","title":{"rendered":"Punkt Przedszkolny"},"content":{"rendered":"<p>Punkt przedszkolny znajduje si\u0119 na ul. Bohdanowicza 5.<br \/>\nWi\u0119cej informacji mo\u017cna znale\u017a\u0107 na innych stronach.<\/p>\n","protected":false},"excerpt":{"rendered":"<p>Punkt przedszkolny znajduje si\u0119 na ul. Bohdanowicza 5. Wi\u0119cej informacji mo\u017cna znale\u017a\u0107 na innych stronach.<\/p>\n","protected":false},"author":1,"featured_media":0,"parent":0,"menu_order":0,"comment_status":"closed","ping_status":"closed","template":"","meta":{"_seopress_robots_primary_cat":"","_seopress_titles_title":"Punkt przedszkolny Warszawa Ochota | Rozw\u00f3j dziecka","_seopress_titles_desc":"Zaj\u0119cia dla dzieci Warszawa Ochota \u2013 punkt przedszkolny wspieraj\u0105cy rozw\u00f3j, relacje i codzienn\u0105 samodzielno\u015b\u0107.","_seopress_robots_index":"","footnotes":""},"class_list":["post-9","page","type-page","status-publish","hentry"],"jetpack_sharing_enabled":true,"_links":{"self":[{"href":"https:\/\/mamyczas.waw.pl\/wp-json\/wp\/v2\/pages\/9","targetHints":{"allow":["GET"]}}],"collection":[{"href":"https:\/\/mamyczas.waw.pl\/wp-json\/wp\/v2\/pages"}],"about":[{"href":"https:\/\/mamyczas.waw.pl\/wp-json\/wp\/v2\/types\/page"}],"author":[{"embeddable":true,"href":"https:\/\/mamyczas.waw.pl\/wp-json\/wp\/v2\/users\/1"}],"replies":[{"embeddable":true,"href":"https:\/\/mamyczas.waw.pl\/wp-json\/wp\/v2\/comments?post=9"}],"version-history":[{"count":5,"href":"https:\/\/mamyczas.waw.pl\/wp-json\/wp\/v2\/pages\/9\/revisions"}],"predecessor-version":[{"id":812,"href":"https:\/\/mamyczas.waw.pl\/wp-json\/wp\/v2\/pages\/9\/revisions\/812"}],"wp:attachment":[{"href":"https:\/\/mamyczas.waw.pl\/wp-json\/wp\/v2\/media?parent=9"}],"curies":[{"name":"wp","href":"https:\/\/api.w.org\/{rel}","templated":true}]}}